{"id":2,"date":"2016-02-29T15:02:06","date_gmt":"2016-02-29T15:02:06","guid":{"rendered":"http:\/\/192.168.1.132:105\/?page_id=2"},"modified":"2025-07-11T10:00:27","modified_gmt":"2025-07-11T14:00:27","slug":"sample-page","status":"publish","type":"page","link":"https:\/\/www.avivaholeinone.com\/fr\/","title":{"rendered":"Accueil"},"content":{"rendered":"<div class=\"wpb-content-wrapper\">[mk_page_section bg_image=\u00a0\u00bb\/wp-content\/uploads\/new-bg.jpg\u00a0\u00bb bg_position=\u00a0\u00bbcenter top\u00a0\u00bb bg_repeat=\u00a0\u00bbno-repeat\u00a0\u00bb bg_stretch=\u00a0\u00bbtrue\u00a0\u00bb adaptive_height=\u00a0\u00bbtrue\u00a0\u00bb min_height=\u00a0\u00bb1000&Prime; margin_bottom=\u00a0\u00bb20&Prime; visibility=\u00a0\u00bbhidden-sm\u00a0\u00bb sidebar=\u00a0\u00bbsidebar-1&Prime;][vc_column][mk_fancy_title color=\u00a0\u00bb#ffffff\u00a0\u00bb size=\u00a0\u00bb50&Prime; font_weight=\u00a0\u00bb400&Prime; font_style=\u00a0\u00bbnormal\u00a0\u00bb margin_bottom=\u00a0\u00bb0&Prime; font_family=\u00a0\u00bbArial, Helvetica, sans-serif\u00a0\u00bb font_type=\u00a0\u00bbsafefont\u00a0\u00bb align=\u00a0\u00bbcenter\u00a0\u00bb el_class=\u00a0\u00bbheading-shadow\u00a0\u00bb]Assurance Trou d\u2019un coup[\/mk_fancy_title][mk_custom_box bg_color=\u00a0\u00bbrgba(59,131,42,0.5)\u00a0\u00bb][vc_row_inner][vc_column_inner width=\u00a0\u00bb1\/2&Prime;][vc_column_text el_class=\u00a0\u00bbtext-white\u00a0\u00bb css=\u00a0\u00bb.vc_custom_1745526371753{margin-bottom: 0px !important;}\u00a0\u00bb]\n<h3>Passez \u00e0 l\u2019action et souscrivez une assurance Trou d\u2019un coup d\u2019Aviva*<\/h3>\n<p>Pour aussi peu que 100 $**, attirez les foules en offrant des prix magnifiques comme des autos, des bateaux et des sommes d\u2019argent \u00e0 quiconque r\u00e9ussira un trou d\u2019un coup.<\/p>\n<p>Pour en savoir plus sur nos assurances couvrant les d\u00e9fis de type meilleur trou, les concours de coups roul\u00e9s et d\u2019autres options d\u2019assurance des prix d\u00e9cern\u00e9s, consultez notre site Web \u00e0 l\u2019adresse <a href=\" https:\/\/www.orbiteservicesdassurances.ca\/prix-decernes\/\"> https:\/\/www.orbiteservicesdassurances.ca\/prix-decernes<\/a>.[\/vc_column_text][mk_image src=\u00a0\u00bbhttps:\/\/www.avivaholeinone.com\/wp-content\/uploads\/aviva-primary-logo-dark-blue.png\u00a0\u00bb image_size=\u00a0\u00bbfull\u00a0\u00bb caption_location=\u00a0\u00bboutside-image\u00a0\u00bb align=\u00a0\u00bbcenter\u00a0\u00bb][vc_custom_heading text=\u00a0\u00bbSouscrit par Aviva, Compagnie d\u2019Assurance du Canada\u00a0\u00bb font_container=\u00a0\u00bbtag:p|font_size:16px|text_align:center|color:%23ffffff\u00a0\u00bb use_theme_fonts=\u00a0\u00bbyes\u00a0\u00bb css=\u00a0\u00bb\u00a0\u00bb el_class=\u00a0\u00bbtext-white\u00a0\u00bb][\/vc_column_inner][vc_column_inner width=\u00a0\u00bb1\/2&Prime;][vc_column_text align=\u00a0\u00bbcenter\u00a0\u00bb el_class=\u00a0\u00bbtext-white\u00a0\u00bb]\n<h3><span lang=\"EN-US\">Obtenez une soumission en quelques minutes<\/span><\/h3>\n[\/vc_column_text][mk_padding_divider size=\u00a0\u00bb20&Prime;][vc_raw_html css=\u00a0\u00bb\u00a0\u00bb el_class=\u00a0\u00bbbtn-orange\u00a0\u00bb]JTNDZm9ybSUyMG5hbWUlM0QlMjJxdW90ZS1mb3JtJTIyJTIwaWQlM0QlMjJxdW90ZS1mb3JtJTIyJTIwYWN0aW9uJTNEJTIyJTJGcXVvdGUlMkZjb250ZXN0JTJGJTIyJTIwbWV0aG9kJTNEJTIycG9zdCUyMiUzRSUwQSUyMCUyMCUyMCUyMCUzQ2lucHV0JTIwcmVxdWlyZWQlMjB0eXBlJTNEJTIydGV4dCUyMiUyMG5hbWUlM0QlMjJkX25hbWUlMjIlMjBwbGFjZWhvbGRlciUzRCUyMk5vbSUyMiUyMHN0eWxlJTNEJTIyd2lkdGglM0ExMDAlMjUlM0Jib3JkZXItcmFkaXVzJTNBNHB4JTNCJTIyJTNFJTBBJTIwJTIwJTIwJTIwJTNDaW5wdXQlMjByZXF1aXJlZCUyMHR5cGUlM0QlMjJ0ZXh0JTIyJTIwbmFtZSUzRCUyMmRfZW1haWwlMjIlMjBwbGFjZWhvbGRlciUzRCUyMkNvdXJyaWVsJTIyJTIwc3R5bGUlM0QlMjJ3aWR0aCUzQTEwMCUyNSUzQmJvcmRlci1yYWRpdXMlM0E0cHglM0IlMjIlM0UlMEElMjAlMjAlMjAlMjAlM0NzZWxlY3QlMjByZXF1aXJlZCUyMHN0eWxlJTNEJTIyd2lkdGglM0ExMDAlMjUlM0Jib3JkZXItcmFkaXVzJTNBNHB4JTIwJTIxaW1wb3J0YW50JTNCYmFja2dyb3VuZC1jb2xvciUzQSUyM2ZmZiUzQmNvbG9yJTNBJTIzNzY3Njc2JTNCZm9udC13ZWlnaHQlM0Fub3JtYWwlM0JwYWRkaW5nJTNBMTJweCUyMDE0cHglMjAxMnB4JTIwMTBweCUzQmZvbnQtc2l6ZSUzQTEzcHglM0IlMjIlMjBuYW1lJTNEJTIyaWFtJTIyJTIwaWQlM0QlMjJpYW0lMjIlM0UlMEElMjAlMjAlMjAlMjAlMjAlMjAlMjAlMjAlM0NvcHRpb24lMjB2YWx1ZSUzRCUyMiUyMiUzRUplJTIwc3Vpcy4uLiUzQyUyRm9wdGlvbiUzRSUwQSUyMCUyMCUyMCUyMCUyMCUyMCUyMCUyMCUzQ29wdGlvbiUyMHZhbHVlJTNEJTIyYnJva2VyJTIyJTNFVW4lMjBjb3VydGllciUzQyUyRm9wdGlvbiUzRSUwQSUyMCUyMCUyMCUyMCUyMCUyMCUyMCUyMCUzQ29wdGlvbiUyMHZhbHVlJTNEJTIyb3JnYW5pemVyJTIyJTNFVW4lMjBvcmdhbmlzYXRldXIlMjBkZSUyMHRvdXJub2klM0MlMkZvcHRpb24lM0UlMEElMjAlMjAlMjAlMjAlMjAlMjAlMjAlMjAlM0MlMkZzZWxlY3QlM0UlMEElMjAlMjAlMjAlMjAlMjAlMjAlMjAlMjAlMjAlMjAlMjAlMjAlM0NpbnB1dCUyMHR5cGUlM0QlMjJzdWJtaXQlMjIlMjBuYW1lJTNEJTIyc3VibWl0JTIyJTIwdmFsdWUlM0QlMjJEZW1hbmRleiUyMHVuZSUyMHNvdW1pc3Npb24lMjBkJUMzJUE4cyUyMGF1am91cmQlRTIlODAlOTlodWklMjElMjIlMjBjbGFzcyUzRCUyMmJ0bi1ibHVlJTIyJTNFJTBBJTNDJTJGZm9ybSUzRSUwQSUzQ3NjcmlwdCUyMHR5cGUlM0QlMjJ0ZXh0JTJGamF2YXNjcmlwdCUyMiUzRSUwQSUyMCUyMCUyMCUyMGpRdWVyeSUyOCUyMiUyM2lhbSUyMiUyOS5jaGFuZ2UlMjhmdW5jdGlvbiUyOCUyOSUyMCU3QiUwQSUyMCUyMCUyMCUyMCUyMCUyMCUyMCUyMHZhciUyMGNob3NlbiUyMCUzRCUyMGpRdWVyeSUyOHRoaXMlMjkudmFsJTI4JTI5JTNCJTBBJTIwJTIwJTIwJTIwJTIwJTIwJTIwJTIwaWYlMjAlMjhjaG9zZW4lMjAlM0QlM0QlMjAlMjJicm9rZXIlMjIlMjklMjAlN0IlMEElMjAlMjAlMjAlMjAlMjAlMjAlMjAlMjAlMjAlMjAlMjAlMjBhY3Rpb24lMjAlM0QlMjAlMjIlMkZxdW90ZSUyRmNvbnRlc3QlMkYlM0ZzdGFydCUyNnUlM0Ricm9rZXIlMjIlM0IlMEElMjAlMjAlMjAlMjAlMjAlMjAlMjAlMjAlN0QlMjBlbHNlJTIwaWYlMjAlMjhjaG9zZW4lMjAlM0QlM0QlMjAlMjJvcmdhbml6ZXIlMjIlMjAlN0MlN0MlMjBjaG9zZW4lMjAlM0QlM0QlMjAlMjJOR0NPQSUyMiUyOSUyMCU3QiUwQSUyMCUyMCUyMCUyMCUyMCUyMCUyMCUyMCUyMCUyMCUyMCUyMGFjdGlvbiUyMCUzRCUyMCUyMiUyRnF1b3RlJTJGY29udGVzdCUyRiUzRnN0YXJ0JTI2dSUzRCUyMiUyQmNob3NlbiUzQiUwQSUyMCUyMCUyMCUyMCUyMCUyMCUyMCUyMCU3RCUyMCUwQSUyMCUyMCUyMCUyMCUyMCUyMCUyMCUyMGpRdWVyeSUyOCUyMiUyM3F1b3RlLWZvcm0lMjIlMjkuYXR0ciUyOCUyMmFjdGlvbiUyMiUyQyUyMGFjdGlvbiUyOSUzQiUwQSUyMCUyMCUyMCUyMCU3RCUyOSUzQiUwQSUzQyUyRnNjcmlwdCUzRSUwQSUwQSUwQSUzQ2RpdiUyMGlkJTNEJTIycHJpdmFjeVBvcHVwJTIyJTIwc3R5bGUlM0QlMjJkaXNwbGF5JTNBbm9uZSUzQiUyMHBvc2l0aW9uJTNBZml4ZWQlM0IlMjB0b3AlM0EyMCUyNSUzQiUyMGxlZnQlM0E1MCUyNSUzQiUyMHRyYW5zZm9ybSUzQXRyYW5zbGF0ZVglMjgtNTAlMjUlMjklM0IlMjBiYWNrZ3JvdW5kJTNBJTIzZmZmJTNCJTIwcGFkZGluZyUzQTIwcHglM0IlMjBib3JkZXIlM0ExcHglMjBzb2xpZCUyMCUyM2NjYyUzQiUyMGJveC1zaGFkb3clM0EwJTIwMCUyMDEwcHglMjByZ2JhJTI4MCUyQzAlMkMwJTJDMC4zJTI5JTNCJTIwei1pbmRleCUzQTEwMDAlM0IlMjBtYXgtd2lkdGglM0E1MDBweCUzQiUyMHdpZHRoJTNBOTAlMjUlM0IlMjIlM0UlMEElMjAlMjAlM0NwJTIwc3R5bGUlM0QlMjJmb250LXNpemUlM0ExNHB4JTNCJTIyJTNFJTBBJTIwJTIwJTIwJTIwRW4lMjByZW1wbGlzc2FudCUyMHVuZSUyMGRlbWFuZGUlMjBkZSUyMHNvdW1pc3Npb24lMjBwb3VyJTIwdW5lJTIwYXNzdXJhbmNlJTIwVHJvdSUyMGQlRTIlODAlOTl1biUyMGNvdXAlMkMlMjB2b3VzJTIwY29uc2VudGV6JTIwJUMzJUEwJTIwbGElMjBjdWVpbGxldHRlJTJDJTIwbCVFMiU4MCU5OXV0aWxpc2F0aW9uJTIwZXQlMjBsYSUyMGNvbW11bmljYXRpb24lMjBkZSUyMHZvcyUyMHJlbnNlaWduZW1lbnRzJTIwcGVyc29ubmVscyUyMGF1eCUyMGZpbnMlMjBkZSUyMGNvbW11bmlxdWVyJTIwYXZlYyUyMHZvdXMlMkMlMjBkZSUyMGwlRTIlODAlOTklQzMlQTl2YWx1YXRpb24lMjBkZXMlMjByaXNxdWVzJTJDJTIwZGUlMjBsYSUyMGQlQzMlQTl0ZXJtaW5hdGlvbiUyMGRlJTIwdm90cmUlMjBhZG1pc3NpYmlsaXQlQzMlQTklMkMlMjBkZSUyMGxhJTIwZCVDMyVBOXRlY3Rpb24lMjBldCUyMGRlJTIwbGElMjBwciVDMyVBOXZlbnRpb24lMjBkZXMlMjBmcmF1ZGVzJTIwZXQlMkMlMjBzaSUyMHVuZSUyMHBvbGljZSUyMGQlRTIlODAlOTlhc3N1cmFuY2UlMjBlc3QlMjBkJUMzJUE5bGl2ciVDMyVBOWUlMkMlMjBkZSUyMGxhJTIwdiVDMyVBOXJpZmljYXRpb24lMjBldCUyMGR1JTIwciVDMyVBOGdsZW1lbnQlMjBkZXMlMjBkZW1hbmRlcy4lMjBMYSUyMGN1ZWlsbGV0dGUlMkMlMjBsJUUyJTgwJTk5dXRpbGlzYXRpb24lMjBldCUyMGxhJTIwY29tbXVuaWNhdGlvbiUyMGRlJTIwdG91dCUyMHJlbnNlaWduZW1lbnQlMjBzZSUyMGZlcm9udCUyMGVuJTIwY29uZm9ybWl0JUMzJUE5JTIwYXZlYyUyMG5vdHJlJTIwJTNDYSUyMGhyZWYlM0QlMjJodHRwcyUzQSUyRiUyRnd3dy5vcmJpdGluc3VyYW5jZXNlcnZpY2VzLmNhJTJGcHJpdmFjeS1wb2xpY3klMkYlMjIlMjB0YXJnZXQlM0QlMjJfYmxhbmslMjIlMjBzdHlsZSUzRCUyMnRleHQtZGVjb3JhdGlvbiUzQXVuZGVybGluZSUzQiUyMiUzRVBvbGl0aXF1ZSUyMGRlJTIwY29uZmlkZW50aWFsaXQlQzMlQTklM0MlMkZhJTNFJTIwZXQlMjBub3MlMjAlM0NhJTIwaHJlZiUzRCUyMmh0dHBzJTNBJTJGJTJGd3d3LmF2aXZhaG9sZWlub25lLmNvbSUyRnRlcm1zLWNvbmRpdGlvbnMlMkYlMjIlMjB0YXJnZXQlM0QlMjJfYmxhbmslMjIlMjBzdHlsZSUzRCUyMnRleHQtZGVjb3JhdGlvbiUzQXVuZGVybGluZSUzQiUyMiUzRWNvbmRpdGlvbnMlM0MlMkZhJTNFLiUwQSUyMCUyMCUzQyUyRnAlM0UlMEElMjAlMjAlM0NidXR0b24lMjBpZCUzRCUyMmNsb3NlUG9wdXAlMjIlMjBzdHlsZSUzRCUyMm1hcmdpbi10b3AlM0ExMHB4JTNCJTIyJTNFQWNjZXB0ZXIlM0MlMkZidXR0b24lM0UlMEElM0MlMkZkaXYlM0UlMEElMEElMEElMEElM0MlMjEtLSUyME92ZXJsYXklMjAtLSUzRSUwQSUzQ2RpdiUyMGlkJTNEJTIycHJpdmFjeU92ZXJsYXklMjIlM0UlM0MlMkZkaXYlM0UlMEElMEElM0NzdHlsZSUzRSUwQSUyM3ByaXZhY3lPdmVybGF5JTIwJTdCJTBBJTIwJTIwZGlzcGxheSUzQSUyMG5vbmUlM0IlMEElMjAlMjBwb3NpdGlvbiUzQSUyMGZpeGVkJTNCJTBBJTIwJTIwdG9wJTNBJTIwMCUzQiUwQSUyMCUyMGxlZnQlM0ElMjAwJTNCJTBBJTIwJTIwd2lkdGglM0ElMjAxMDAlMjUlM0IlMEElMjAlMjBoZWlnaHQlM0ElMjAxMDAlMjUlM0IlMEElMjAlMjBiYWNrZ3JvdW5kLWNvbG9yJTNBJTIwcmdiYSUyODAlMkMlMjAwJTJDJTIwMCUyQyUyMDAuNSUyOSUzQiUyMCUyRiUyQSUyMFNlbWktdHJhbnNwYXJlbnQlMjBibGFjayUyMCUyQSUyRiUwQSUyMCUyMHotaW5kZXglM0ElMjA5OTklM0IlMEElN0QlMEElMEElMkYlMkElMjBQb3B1cCUyMGJveCUyMCUyQSUyRiUwQSUyM3ByaXZhY3lQb3B1cCUyMCU3QiUwQSUyMCUyMGRpc3BsYXklM0ElMjBub25lJTNCJTBBJTIwJTIwcG9zaXRpb24lM0ElMjBmaXhlZCUzQiUwQSUyMCUyMHRvcCUzQSUyMDIwJTI1JTNCJTBBJTIwJTIwbGVmdCUzQSUyMDUwJTI1JTNCJTBBJTIwJTIwdHJhbnNmb3JtJTNBJTIwdHJhbnNsYXRlWCUyOC01MCUyNSUyOSUzQiUwQSUyMCUyMGJhY2tncm91bmQtY29sb3IlM0ElMjAlMjNmZmYlM0IlMEElMjAlMjBwYWRkaW5nJTNBJTIwMjBweCUzQiUwQSUyMCUyMGJvcmRlciUzQSUyMDFweCUyMHNvbGlkJTIwJTIzY2NjJTNCJTBBJTIwJTIwYm94LXNoYWRvdyUzQSUyMDAlMjAwJTIwMTBweCUyMHJnYmElMjgwJTJDMCUyQzAlMkMwLjMlMjklM0IlMEElMjAlMjB6LWluZGV4JTNBJTIwMTAwMCUzQiUwQSUyMCUyMG1heC13aWR0aCUzQSUyMDYwMHB4JTNCJTBBJTIwJTIwd2lkdGglM0ElMjA5MCUyNSUzQiUwQSUyMCUyMGZvbnQtc2l6ZSUzQSUyMDE0cHglM0IlMEElN0QlMEElMEElM0MlMkZzdHlsZSUzRQ==[\/vc_raw_html][\/vc_column_inner][\/vc_row_inner][\/mk_custom_box][\/vc_column][\/mk_page_section][mk_page_section bg_image=\u00a0\u00bb\/wp-content\/uploads\/new-bg.jpg\u00a0\u00bb bg_position=\u00a0\u00bbcenter top\u00a0\u00bb bg_repeat=\u00a0\u00bbno-repeat\u00a0\u00bb min_height=\u00a0\u00bb1200&Prime; margin_bottom=\u00a0\u00bb20&Prime; visibility=\u00a0\u00bbvisible-sm\u00a0\u00bb sidebar=\u00a0\u00bbsidebar-1&Prime;][vc_column][mk_padding_divider size=\u00a0\u00bb100&Prime;][mk_fancy_title color=\u00a0\u00bb#ffffff\u00a0\u00bb size=\u00a0\u00bb50&Prime; font_weight=\u00a0\u00bb400&Prime; font_style=\u00a0\u00bbnormal\u00a0\u00bb margin_bottom=\u00a0\u00bb0&Prime; font_family=\u00a0\u00bbArial, Helvetica, sans-serif\u00a0\u00bb font_type=\u00a0\u00bbsafefont\u00a0\u00bb align=\u00a0\u00bbcenter\u00a0\u00bb el_class=\u00a0\u00bbheading-shadow\u00a0\u00bb]<span style=\"font-size: 45.5px !important;\">Assurance Trou d\u2019un coup<\/span>[\/mk_fancy_title][mk_padding_divider][mk_custom_box bg_color=\u00a0\u00bbrgba(59,131,42,0.5)\u00a0\u00bb][vc_row_inner][vc_column_inner width=\u00a0\u00bb1\/2&Prime;][vc_column_text el_class=\u00a0\u00bbtext-white\u00a0\u00bb css=\u00a0\u00bb.vc_custom_1745526391392{margin-bottom: 0px !important;}\u00a0\u00bb]\n<h3>Passez \u00e0 l\u2019action et souscrivez une assurance Trou d\u2019un coup d\u2019Aviva*<\/h3>\n<p>Pour aussi peu que 100 $**, attirez les foules en offrant des prix magnifiques comme des autos, des bateaux et des sommes d\u2019argent \u00e0 quiconque r\u00e9ussira un trou d\u2019un coup.<\/p>\n<p>Pour en savoir plus sur nos assurances couvrant les d\u00e9fis de type meilleur trou, les concours de coups roul\u00e9s et d\u2019autres options d\u2019assurance des prix d\u00e9cern\u00e9s, consultez notre site Web \u00e0 l\u2019adresse <a href=\" https:\/\/www.orbiteservicesdassurances.ca\/prix-decernes\/\"> https:\/\/www.orbiteservicesdassurances.ca\/prix-decernes<\/a>.[\/vc_column_text][mk_image src=\u00a0\u00bbhttps:\/\/www.avivaholeinone.com\/wp-content\/uploads\/aviva-primary-logo-dark-blue.png\u00a0\u00bb image_size=\u00a0\u00bbfull\u00a0\u00bb caption_location=\u00a0\u00bboutside-image\u00a0\u00bb align=\u00a0\u00bbcenter\u00a0\u00bb][vc_custom_heading text=\u00a0\u00bbSouscrit par Aviva, Compagnie d\u2019Assurance du Canada\u00a0\u00bb font_container=\u00a0\u00bbtag:p|font_size:16px|text_align:center|color:%23ffffff\u00a0\u00bb use_theme_fonts=\u00a0\u00bbyes\u00a0\u00bb css=\u00a0\u00bb\u00a0\u00bb el_class=\u00a0\u00bbtext-white\u00a0\u00bb][\/vc_column_inner][vc_column_inner width=\u00a0\u00bb1\/2&Prime;][vc_column_text align=\u00a0\u00bbcenter\u00a0\u00bb el_class=\u00a0\u00bbtext-white\u00a0\u00bb]\n<h3><span lang=\"EN-US\">Obtenez une soumission en quelques minutes<\/span><\/h3>\n[\/vc_column_text][mk_padding_divider size=\u00a0\u00bb20&Prime;][vc_raw_html css=\u00a0\u00bb\u00a0\u00bb el_class=\u00a0\u00bbbtn-orange\u00a0\u00bb]JTNDZm9ybSUyMG5hbWUlM0QlMjJxdW90ZS1mb3JtJTIyJTIwaWQlM0QlMjJxdW90ZS1mb3JtJTIyJTIwYWN0aW9uJTNEJTIyJTJGcXVvdGUlMkZjb250ZXN0JTJGJTIyJTIwbWV0aG9kJTNEJTIycG9zdCUyMiUzRSUwQSUyMCUyMCUyMCUyMCUzQ2lucHV0JTIwcmVxdWlyZWQlMjB0eXBlJTNEJTIydGV4dCUyMiUyMG5hbWUlM0QlMjJkX25hbWUlMjIlMjBwbGFjZWhvbGRlciUzRCUyMk5vbSUyMiUyMHN0eWxlJTNEJTIyd2lkdGglM0ExMDAlMjUlM0Jib3JkZXItcmFkaXVzJTNBNHB4JTNCJTIyJTNFJTBBJTIwJTIwJTIwJTIwJTNDaW5wdXQlMjByZXF1aXJlZCUyMHR5cGUlM0QlMjJ0ZXh0JTIyJTIwbmFtZSUzRCUyMmRfZW1haWwlMjIlMjBwbGFjZWhvbGRlciUzRCUyMkNvdXJyaWVsJTIyJTIwc3R5bGUlM0QlMjJ3aWR0aCUzQTEwMCUyNSUzQmJvcmRlci1yYWRpdXMlM0E0cHglM0IlMjIlM0UlMEElMjAlMjAlMjAlMjAlM0NzZWxlY3QlMjByZXF1aXJlZCUyMHN0eWxlJTNEJTIyd2lkdGglM0ExMDAlMjUlM0Jib3JkZXItcmFkaXVzJTNBNHB4JTIwJTIxaW1wb3J0YW50JTNCYmFja2dyb3VuZC1jb2xvciUzQSUyM2ZmZiUzQmNvbG9yJTNBJTIzNzY3Njc2JTNCZm9udC13ZWlnaHQlM0Fub3JtYWwlM0JwYWRkaW5nJTNBMTJweCUyMDE0cHglMjAxMnB4JTIwMTBweCUzQmZvbnQtc2l6ZSUzQTEzcHglM0IlMjIlMjBuYW1lJTNEJTIyaWFtJTIyJTIwaWQlM0QlMjJpYW0lMjIlM0UlMEElMjAlMjAlMjAlMjAlMjAlMjAlMjAlMjAlM0NvcHRpb24lMjB2YWx1ZSUzRCUyMiUyMiUzRUplJTIwc3Vpcy4uLiUzQyUyRm9wdGlvbiUzRSUwQSUyMCUyMCUyMCUyMCUyMCUyMCUyMCUyMCUzQ29wdGlvbiUyMHZhbHVlJTNEJTIyYnJva2VyJTIyJTNFVW4lMjBjb3VydGllciUzQyUyRm9wdGlvbiUzRSUwQSUyMCUyMCUyMCUyMCUyMCUyMCUyMCUyMCUzQ29wdGlvbiUyMHZhbHVlJTNEJTIyb3JnYW5pemVyJTIyJTNFVW4lMjBvcmdhbmlzYXRldXIlMjBkZSUyMHRvdXJub2klM0MlMkZvcHRpb24lM0UlMEElMjAlMjAlMjAlMjAlMjAlMjAlMjAlMjAlM0MlMkZzZWxlY3QlM0UlMEElMjAlMjAlMjAlMjAlMjAlMjAlMjAlMjAlMjAlMjAlMjAlMjAlM0NpbnB1dCUyMHR5cGUlM0QlMjJzdWJtaXQlMjIlMjBuYW1lJTNEJTIyc3VibWl0JTIyJTIwdmFsdWUlM0QlMjJEZW1hbmRleiUyMHVuZSUyMHNvdW1pc3Npb24lMjBkJUMzJUE4cyUyMGF1am91cmQlRTIlODAlOTlodWklMjElMjIlMjBjbGFzcyUzRCUyMmJ0bi1ibHVlJTIyJTNFJTBBJTNDJTJGZm9ybSUzRSUwQSUzQ3NjcmlwdCUyMHR5cGUlM0QlMjJ0ZXh0JTJGamF2YXNjcmlwdCUyMiUzRSUwQSUyMCUyMCUyMCUyMGpRdWVyeSUyOCUyMiUyM2lhbSUyMiUyOS5jaGFuZ2UlMjhmdW5jdGlvbiUyOCUyOSUyMCU3QiUwQSUyMCUyMCUyMCUyMCUyMCUyMCUyMCUyMHZhciUyMGNob3NlbiUyMCUzRCUyMGpRdWVyeSUyOHRoaXMlMjkudmFsJTI4JTI5JTNCJTBBJTIwJTIwJTIwJTIwJTIwJTIwJTIwJTIwaWYlMjAlMjhjaG9zZW4lMjAlM0QlM0QlMjAlMjJicm9rZXIlMjIlMjklMjAlN0IlMEElMjAlMjAlMjAlMjAlMjAlMjAlMjAlMjAlMjAlMjAlMjAlMjBhY3Rpb24lMjAlM0QlMjAlMjIlMkZxdW90ZSUyRmNvbnRlc3QlMkYlM0ZzdGFydCUyNnUlM0Ricm9rZXIlMjIlM0IlMEElMjAlMjAlMjAlMjAlMjAlMjAlMjAlMjAlN0QlMjBlbHNlJTIwaWYlMjAlMjhjaG9zZW4lMjAlM0QlM0QlMjAlMjJvcmdhbml6ZXIlMjIlMjAlN0MlN0MlMjBjaG9zZW4lMjAlM0QlM0QlMjAlMjJOR0NPQSUyMiUyOSUyMCU3QiUwQSUyMCUyMCUyMCUyMCUyMCUyMCUyMCUyMCUyMCUyMCUyMCUyMGFjdGlvbiUyMCUzRCUyMCUyMiUyRnF1b3RlJTJGY29udGVzdCUyRiUzRnN0YXJ0JTI2dSUzRCUyMiUyQmNob3NlbiUzQiUwQSUyMCUyMCUyMCUyMCUyMCUyMCUyMCUyMCU3RCUyMCUwQSUyMCUyMCUyMCUyMCUyMCUyMCUyMCUyMGpRdWVyeSUyOCUyMiUyM3F1b3RlLWZvcm0lMjIlMjkuYXR0ciUyOCUyMmFjdGlvbiUyMiUyQyUyMGFjdGlvbiUyOSUzQiUwQSUyMCUyMCUyMCUyMCU3RCUyOSUzQiUwQSUzQyUyRnNjcmlwdCUzRQ==[\/vc_raw_html][\/vc_column_inner][\/vc_row_inner][\/mk_custom_box][\/vc_column][\/mk_page_section][vc_row][vc_column][vc_custom_heading text=\u00a0\u00bb*L\u2019assurance Trou d\u2019un coup est \u00e9mise par Aviva, Compagnie d\u2019Assurance du Canada.<br \/>\n**Les primes varient selon le nombre de joueurs, le nombre de verges et le montant d\u2019assurance.\u00a0\u00bb font_container=\u00a0\u00bbtag:p|font_size:12px|text_align:left\u00a0\u00bb use_theme_fonts=\u00a0\u00bbyes\u00a0\u00bb][\/vc_column][\/vc_row]\n<\/div>","protected":false},"excerpt":{"rendered":"<p>[mk_page_section bg_image=\u00a0\u00bb\/wp-content\/uploads\/new-bg.jpg\u00a0\u00bb bg_position=\u00a0\u00bbcenter top\u00a0\u00bb bg_repeat=\u00a0\u00bbno-repeat\u00a0\u00bb bg_stretch=\u00a0\u00bbtrue\u00a0\u00bb adaptive_height=\u00a0\u00bbtrue\u00a0\u00bb min_height=\u00a0\u00bb1000&Prime; margin_bottom=\u00a0\u00bb20&Prime; visibility=\u00a0\u00bbhidden-sm\u00a0\u00bb sidebar=\u00a0\u00bbsidebar-1&Prime;][vc_column][mk_fancy_title color=\u00a0\u00bb#ffffff\u00a0\u00bb size=\u00a0\u00bb50&Prime; font_weight=\u00a0\u00bb400&Prime; font_style=\u00a0\u00bbnormal\u00a0\u00bb margin_bottom=\u00a0\u00bb0&Prime; font_family=\u00a0\u00bbArial, Helvetica, sans-serif\u00a0\u00bb font_type=\u00a0\u00bbsafefont\u00a0\u00bb align=\u00a0\u00bbcenter\u00a0\u00bb el_class=\u00a0\u00bbheading-shadow\u00a0\u00bb]Assurance Trou d\u2019un coup[\/mk_fancy_title][mk_custom_box bg_color=\u00a0\u00bbrgba(59,131,42,0.5)\u00a0\u00bb][vc_row_inner][vc_column_inner width=\u00a0\u00bb1\/2&Prime;][vc_column_text el_class=\u00a0\u00bbtext-white\u00a0\u00bb css=\u00a0\u00bb.vc_custom_1745526371753{margin-bottom: 0px !important;}\u00a0\u00bb] Passez \u00e0 l\u2019action et souscrivez une assurance Trou d\u2019un coup d\u2019Aviva* Pour aussi peu que 100 $**, attirez les foules en offrant des prix [&hellip;]<\/p>\n","protected":false},"author":1,"featured_media":0,"parent":0,"menu_order":0,"comment_status":"closed","ping_status":"open","template":"","meta":{"footnotes":""},"class_list":["post-2","page","type-page","status-publish","hentry"],"_links":{"self":[{"href":"https:\/\/www.avivaholeinone.com\/fr\/wp-json\/wp\/v2\/pages\/2","targetHints":{"allow":["GET"]}}],"collection":[{"href":"https:\/\/www.avivaholeinone.com\/fr\/wp-json\/wp\/v2\/pages"}],"about":[{"href":"https:\/\/www.avivaholeinone.com\/fr\/wp-json\/wp\/v2\/types\/page"}],"author":[{"embeddable":true,"href":"https:\/\/www.avivaholeinone.com\/fr\/wp-json\/wp\/v2\/users\/1"}],"replies":[{"embeddable":true,"href":"https:\/\/www.avivaholeinone.com\/fr\/wp-json\/wp\/v2\/comments?post=2"}],"version-history":[{"count":205,"href":"https:\/\/www.avivaholeinone.com\/fr\/wp-json\/wp\/v2\/pages\/2\/revisions"}],"predecessor-version":[{"id":2685,"href":"https:\/\/www.avivaholeinone.com\/fr\/wp-json\/wp\/v2\/pages\/2\/revisions\/2685"}],"wp:attachment":[{"href":"https:\/\/www.avivaholeinone.com\/fr\/wp-json\/wp\/v2\/media?parent=2"}],"curies":[{"name":"wp","href":"https:\/\/api.w.org\/{rel}","templated":true}]}}