{"id":192,"date":"2016-03-23T15:56:52","date_gmt":"2016-03-23T15:56:52","guid":{"rendered":"http:\/\/avivaholeinone.pcomm7.com\/?page_id=192"},"modified":"2021-09-23T17:09:23","modified_gmt":"2021-09-23T21:09:23","slug":"accessibility","status":"publish","type":"page","link":"https:\/\/www.avivaholeinone.com\/fr\/accessibility\/","title":{"rendered":"Accessibilit\u00e9"},"content":{"rendered":"<div class=\"wpb-content-wrapper\">[mk_page_section bg_image=\u00a0\u00bb\/wp-content\/uploads\/bg2.jpg\u00a0\u00bb bg_position=\u00a0\u00bbcenter top\u00a0\u00bb bg_repeat=\u00a0\u00bbno-repeat\u00a0\u00bb min_height=\u00a0\u00bb400&Prime; margin_bottom=\u00a0\u00bb40&Prime; sidebar=\u00a0\u00bbsidebar-1&Prime;][vc_column][mk_fancy_title color=\u00a0\u00bb#ffffff\u00a0\u00bb size=\u00a0\u00bb35&Prime; font_family=\u00a0\u00bbnone\u00a0\u00bb]Accessibilit\u00e9[\/mk_fancy_title][\/vc_column][\/mk_page_section][vc_row][vc_column][vc_column_text margin_bottom=\u00a0\u00bb10&Prime; css=\u00a0\u00bb.vc_custom_1632431360371{margin-bottom: 10px !important;}\u00a0\u00bb]\u00c0 Aviva Canada, nous nous engageons \u00e0 r\u00e9pondre aux besoins de tous nos clients.<\/p>\n<p>Ainsi, nous nous effor\u00e7ons\u00a0:<\/p>\n<ul>\n<li>de relever et d\u2019\u00e9liminer les obstacles que rencontrent les personnes handicap\u00e9es;<\/li>\n<li>de fournir nos biens et nos services en prenant soin de respecter la dignit\u00e9 et l\u2019autonomie de ces personnes.<\/li>\n<\/ul>\n<p>L\u2019\u00e9chec n\u2019est pas une solution. Si nous ne pouvons combler vos attentes d\u00e8s la premi\u00e8re occasion, nous vous promettons d\u2019y parvenir en travaillant toujours d\u2019arrache-pied pour nous assurer que notre personnel comprenne que les personnes handicap\u00e9es ont droit \u00e0 un traitement \u00e9quitable.<\/p>\n<p>En mati\u00e8re de service, notre objectif ultime est de d\u00e9passer les attentes de la client\u00e8le handicap\u00e9e. Votre opinion sur la qualit\u00e9 de nos services et sur le niveau d\u2019atteinte de nos objectifs nous est d\u2019une utilit\u00e9 pr\u00e9cieuse.<\/p>\n<p><a href=\"https:\/\/www.aviva.ca\/content\/dam\/aviva-public\/ca\/pdf\/aviva_accessibility_policy_fr.pdf\" target=\"_blank\" rel=\"noopener\">Politique d\u2019accessibilit\u00e9<\/a><br \/>\n<a href=\"https:\/\/www.avivacanada.com\/sites\/default\/files\/aviva_pdf\/fr\/aoda_multi-year_plan_2017_FR.pdf\" target=\"_blank\" rel=\"noopener\">Plan d\u2019accessibilit\u00e9 pluriannuel d\u2019Aviva Canada<\/a> (en anglais seulement)<br \/>\n<a href=\"https:\/\/www.avivacanada.com\/sites\/default\/files\/aviva_pdf\/fr\/accessibility_feedback_FR.pdf\">Formulaire de r\u00e9troaction sur le service \u00e0 la client\u00e8le<\/a>[\/vc_column_text][\/vc_column][\/vc_row]\n<\/div>","protected":false},"excerpt":{"rendered":"<p>[mk_page_section bg_image=\u00a0\u00bb\/wp-content\/uploads\/bg2.jpg\u00a0\u00bb bg_position=\u00a0\u00bbcenter top\u00a0\u00bb bg_repeat=\u00a0\u00bbno-repeat\u00a0\u00bb min_height=\u00a0\u00bb400&Prime; margin_bottom=\u00a0\u00bb40&Prime; sidebar=\u00a0\u00bbsidebar-1&Prime;][vc_column][mk_fancy_title color=\u00a0\u00bb#ffffff\u00a0\u00bb size=\u00a0\u00bb35&Prime; font_family=\u00a0\u00bbnone\u00a0\u00bb]Accessibilit\u00e9[\/mk_fancy_title][\/vc_column][\/mk_page_section][vc_row][vc_column][vc_column_text margin_bottom=\u00a0\u00bb10&Prime; css=\u00a0\u00bb.vc_custom_1632431360371{margin-bottom: 10px !important;}\u00a0\u00bb]\u00c0 Aviva Canada, nous nous engageons \u00e0 r\u00e9pondre aux besoins de tous nos clients. Ainsi, nous nous effor\u00e7ons\u00a0: de relever et d\u2019\u00e9liminer les obstacles que rencontrent les personnes handicap\u00e9es; de fournir nos biens et nos services en prenant soin de respecter [&hellip;]<\/p>\n","protected":false},"author":1,"featured_media":0,"parent":0,"menu_order":110,"comment_status":"closed","ping_status":"closed","template":"","meta":{"footnotes":""},"class_list":["post-192","page","type-page","status-publish","hentry"],"_links":{"self":[{"href":"https:\/\/www.avivaholeinone.com\/fr\/wp-json\/wp\/v2\/pages\/192","targetHints":{"allow":["GET"]}}],"collection":[{"href":"https:\/\/www.avivaholeinone.com\/fr\/wp-json\/wp\/v2\/pages"}],"about":[{"href":"https:\/\/www.avivaholeinone.com\/fr\/wp-json\/wp\/v2\/types\/page"}],"author":[{"embeddable":true,"href":"https:\/\/www.avivaholeinone.com\/fr\/wp-json\/wp\/v2\/users\/1"}],"replies":[{"embeddable":true,"href":"https:\/\/www.avivaholeinone.com\/fr\/wp-json\/wp\/v2\/comments?post=192"}],"version-history":[{"count":7,"href":"https:\/\/www.avivaholeinone.com\/fr\/wp-json\/wp\/v2\/pages\/192\/revisions"}],"predecessor-version":[{"id":2379,"href":"https:\/\/www.avivaholeinone.com\/fr\/wp-json\/wp\/v2\/pages\/192\/revisions\/2379"}],"wp:attachment":[{"href":"https:\/\/www.avivaholeinone.com\/fr\/wp-json\/wp\/v2\/media?parent=192"}],"curies":[{"name":"wp","href":"https:\/\/api.w.org\/{rel}","templated":true}]}}