{"id":1759,"date":"2019-04-13T12:17:25","date_gmt":"2019-04-13T16:17:25","guid":{"rendered":"https:\/\/www.avivaholeinone.com\/?page_id=1759"},"modified":"2019-04-13T12:19:17","modified_gmt":"2019-04-13T16:19:17","slug":"broker-application-success","status":"publish","type":"page","link":"https:\/\/www.avivaholeinone.com\/fr\/quote\/broker-application-success\/","title":{"rendered":"Brok"},"content":{"rendered":"<div class=\"wpb-content-wrapper\">[mk_page_section bg_image=\u00a0\u00bb\/wp-content\/uploads\/bg2.jpg\u00a0\u00bb bg_position=\u00a0\u00bbcenter top\u00a0\u00bb bg_repeat=\u00a0\u00bbno-repeat\u00a0\u00bb min_height=\u00a0\u00bb400&Prime; margin_bottom=\u00a0\u00bb40&Prime; sidebar=\u00a0\u00bbsidebar-1&Prime;][vc_column][mk_fancy_title color=\u00a0\u00bb#ffffff\u00a0\u00bb size=\u00a0\u00bb35&Prime; font_family=\u00a0\u00bbnone\u00a0\u00bb]Soumission r\u00e9ussie [\/mk_fancy_title][\/vc_column][\/mk_page_section][vc_row][vc_column][vc_column_text]\n<p>Nous vous remercions d\u2019avoir trait\u00e9 votre politique Aviva Hole-in-One. Elle vous sera envoy\u00e9e par courrier \u00e9lectronique sous peu.<\/p>\n[\/vc_column_text][\/vc_column][\/vc_row]\n<\/div>","protected":false},"excerpt":{"rendered":"<p>[mk_page_section bg_image=\u00a0\u00bb\/wp-content\/uploads\/bg2.jpg\u00a0\u00bb bg_position=\u00a0\u00bbcenter top\u00a0\u00bb bg_repeat=\u00a0\u00bbno-repeat\u00a0\u00bb min_height=\u00a0\u00bb400&Prime; margin_bottom=\u00a0\u00bb40&Prime; sidebar=\u00a0\u00bbsidebar-1&Prime;][vc_column][mk_fancy_title color=\u00a0\u00bb#ffffff\u00a0\u00bb size=\u00a0\u00bb35&Prime; font_family=\u00a0\u00bbnone\u00a0\u00bb]Soumission r\u00e9ussie [\/mk_fancy_title][\/vc_column][\/mk_page_section][vc_row][vc_column][vc_column_text] Nous vous remercions d\u2019avoir trait\u00e9 votre politique Aviva Hole-in-One. Elle vous sera envoy\u00e9e par courrier \u00e9lectronique sous peu. [\/vc_column_text][\/vc_column][\/vc_row]<\/p>\n","protected":false},"author":1,"featured_media":0,"parent":181,"menu_order":0,"comment_status":"closed","ping_status":"closed","template":"","meta":{"footnotes":""},"class_list":["post-1759","page","type-page","status-publish","hentry"],"_links":{"self":[{"href":"https:\/\/www.avivaholeinone.com\/fr\/wp-json\/wp\/v2\/pages\/1759","targetHints":{"allow":["GET"]}}],"collection":[{"href":"https:\/\/www.avivaholeinone.com\/fr\/wp-json\/wp\/v2\/pages"}],"about":[{"href":"https:\/\/www.avivaholeinone.com\/fr\/wp-json\/wp\/v2\/types\/page"}],"author":[{"embeddable":true,"href":"https:\/\/www.avivaholeinone.com\/fr\/wp-json\/wp\/v2\/users\/1"}],"replies":[{"embeddable":true,"href":"https:\/\/www.avivaholeinone.com\/fr\/wp-json\/wp\/v2\/comments?post=1759"}],"version-history":[{"count":3,"href":"https:\/\/www.avivaholeinone.com\/fr\/wp-json\/wp\/v2\/pages\/1759\/revisions"}],"predecessor-version":[{"id":1762,"href":"https:\/\/www.avivaholeinone.com\/fr\/wp-json\/wp\/v2\/pages\/1759\/revisions\/1762"}],"up":[{"embeddable":true,"href":"https:\/\/www.avivaholeinone.com\/fr\/wp-json\/wp\/v2\/pages\/181"}],"wp:attachment":[{"href":"https:\/\/www.avivaholeinone.com\/fr\/wp-json\/wp\/v2\/media?parent=1759"}],"curies":[{"name":"wp","href":"https:\/\/api.w.org\/{rel}","templated":true}]}}